{"id":42938,"date":"2024-09-02T16:05:26","date_gmt":"2024-09-02T13:05:26","guid":{"rendered":"https:\/\/optim.xplication.ro\/?post_type=product&#038;p=42938"},"modified":"2024-09-25T12:40:01","modified_gmt":"2024-09-25T09:40:01","slug":"slam","status":"publish","type":"product","link":"https:\/\/optimservicii.ro\/en\/tricouri\/slam\/","title":{"rendered":"Tricou Slam"},"content":{"rendered":"<p>Tricou tehnic cu m\u00e2nec\u0103 scurt\u0103 pentru b\u0103rba\u021bi.<\/p>","protected":false},"excerpt":{"rendered":"<p>Tricou tehnic cu m\u00e2nec\u0103 scurt\u0103 pentru b\u0103rba\u021bi.<\/p>","protected":false},"featured_media":16645,"template":"","meta":[],"product_cat":[582],"product_tag":[],"class_list":{"0":"post-42938","1":"product","2":"type-product","3":"status-publish","4":"has-post-thumbnail","6":"product_cat-tricouri","8":"first","9":"instock","10":"shipping-taxable","11":"purchasable","12":"product-type-variable","13":"has-default-attributes"},"_links":{"self":[{"href":"https:\/\/optimservicii.ro\/en\/wp-json\/wp\/v2\/product\/42938","targetHints":{"allow":["GET"]}}],"collection":[{"href":"https:\/\/optimservicii.ro\/en\/wp-json\/wp\/v2\/product"}],"about":[{"href":"https:\/\/optimservicii.ro\/en\/wp-json\/wp\/v2\/types\/product"}],"version-history":[{"count":2,"href":"https:\/\/optimservicii.ro\/en\/wp-json\/wp\/v2\/product\/42938\/revisions"}],"predecessor-version":[{"id":45444,"href":"https:\/\/optimservicii.ro\/en\/wp-json\/wp\/v2\/product\/42938\/revisions\/45444"}],"wp:featuredmedia":[{"embeddable":true,"href":"https:\/\/optimservicii.ro\/en\/wp-json\/wp\/v2\/media\/16645"}],"wp:attachment":[{"href":"https:\/\/optimservicii.ro\/en\/wp-json\/wp\/v2\/media?parent=42938"}],"wp:term":[{"taxonomy":"product_cat","embeddable":true,"href":"https:\/\/optimservicii.ro\/en\/wp-json\/wp\/v2\/product_cat?post=42938"},{"taxonomy":"product_tag","embeddable":true,"href":"https:\/\/optimservicii.ro\/en\/wp-json\/wp\/v2\/product_tag?post=42938"}],"curies":[{"name":"wp","href":"https:\/\/api.w.org\/{rel}","templated":true}]}}