{"id":42949,"date":"2024-09-02T16:05:28","date_gmt":"2024-09-02T13:05:28","guid":{"rendered":"https:\/\/optim.xplication.ro\/?post_type=product&#038;p=42949"},"modified":"2024-09-25T12:40:08","modified_gmt":"2024-09-25T09:40:08","slug":"slam-woman","status":"publish","type":"product","link":"https:\/\/optimservicii.ro\/en\/tricouri\/slam-woman\/","title":{"rendered":"Tricou Slam Woman"},"content":{"rendered":"<p>Tricou tehnic cu m\u00e2nec\u0103 scurt\u0103 pentru femei.<\/p>","protected":false},"excerpt":{"rendered":"<p>Tricou tehnic cu m\u00e2nec\u0103 scurt\u0103 pentru femei.<\/p>","protected":false},"featured_media":16647,"template":"","meta":[],"product_cat":[582],"product_tag":[],"class_list":{"0":"post-42949","1":"product","2":"type-product","3":"status-publish","4":"has-post-thumbnail","6":"product_cat-tricouri","8":"first","9":"instock","10":"shipping-taxable","11":"purchasable","12":"product-type-variable","13":"has-default-attributes"},"_links":{"self":[{"href":"https:\/\/optimservicii.ro\/en\/wp-json\/wp\/v2\/product\/42949","targetHints":{"allow":["GET"]}}],"collection":[{"href":"https:\/\/optimservicii.ro\/en\/wp-json\/wp\/v2\/product"}],"about":[{"href":"https:\/\/optimservicii.ro\/en\/wp-json\/wp\/v2\/types\/product"}],"version-history":[{"count":2,"href":"https:\/\/optimservicii.ro\/en\/wp-json\/wp\/v2\/product\/42949\/revisions"}],"predecessor-version":[{"id":45445,"href":"https:\/\/optimservicii.ro\/en\/wp-json\/wp\/v2\/product\/42949\/revisions\/45445"}],"wp:featuredmedia":[{"embeddable":true,"href":"https:\/\/optimservicii.ro\/en\/wp-json\/wp\/v2\/media\/16647"}],"wp:attachment":[{"href":"https:\/\/optimservicii.ro\/en\/wp-json\/wp\/v2\/media?parent=42949"}],"wp:term":[{"taxonomy":"product_cat","embeddable":true,"href":"https:\/\/optimservicii.ro\/en\/wp-json\/wp\/v2\/product_cat?post=42949"},{"taxonomy":"product_tag","embeddable":true,"href":"https:\/\/optimservicii.ro\/en\/wp-json\/wp\/v2\/product_tag?post=42949"}],"curies":[{"name":"wp","href":"https:\/\/api.w.org\/{rel}","templated":true}]}}