{"id":42963,"date":"2024-09-02T16:05:28","date_gmt":"2024-09-02T13:05:28","guid":{"rendered":"https:\/\/optim.xplication.ro\/?post_type=product&#038;p=42963"},"modified":"2024-09-25T12:40:21","modified_gmt":"2024-09-25T09:40:21","slug":"terrier","status":"publish","type":"product","link":"https:\/\/optimservicii.ro\/en\/tricouri\/terrier\/","title":{"rendered":"Tricou Terrier"},"content":{"rendered":"<p>Tricou cu m\u00e2neci scurte, o \u021bes\u0103tur\u0103 puternic\u0103 \u0219i \u00eenclinat\u0103.<\/p>","protected":false},"excerpt":{"rendered":"<p>Tricou cu m\u00e2neci scurte, o \u021bes\u0103tur\u0103 puternic\u0103 \u0219i \u00eenclinat\u0103.<\/p>","protected":false},"featured_media":16651,"template":"","meta":[],"product_cat":[582],"product_tag":[],"class_list":{"0":"post-42963","1":"product","2":"type-product","3":"status-publish","4":"has-post-thumbnail","6":"product_cat-tricouri","8":"first","9":"instock","10":"shipping-taxable","11":"purchasable","12":"product-type-variable","13":"has-default-attributes"},"_links":{"self":[{"href":"https:\/\/optimservicii.ro\/en\/wp-json\/wp\/v2\/product\/42963","targetHints":{"allow":["GET"]}}],"collection":[{"href":"https:\/\/optimservicii.ro\/en\/wp-json\/wp\/v2\/product"}],"about":[{"href":"https:\/\/optimservicii.ro\/en\/wp-json\/wp\/v2\/types\/product"}],"version-history":[{"count":2,"href":"https:\/\/optimservicii.ro\/en\/wp-json\/wp\/v2\/product\/42963\/revisions"}],"predecessor-version":[{"id":45447,"href":"https:\/\/optimservicii.ro\/en\/wp-json\/wp\/v2\/product\/42963\/revisions\/45447"}],"wp:featuredmedia":[{"embeddable":true,"href":"https:\/\/optimservicii.ro\/en\/wp-json\/wp\/v2\/media\/16651"}],"wp:attachment":[{"href":"https:\/\/optimservicii.ro\/en\/wp-json\/wp\/v2\/media?parent=42963"}],"wp:term":[{"taxonomy":"product_cat","embeddable":true,"href":"https:\/\/optimservicii.ro\/en\/wp-json\/wp\/v2\/product_cat?post=42963"},{"taxonomy":"product_tag","embeddable":true,"href":"https:\/\/optimservicii.ro\/en\/wp-json\/wp\/v2\/product_tag?post=42963"}],"curies":[{"name":"wp","href":"https:\/\/api.w.org\/{rel}","templated":true}]}}