{"id":42977,"date":"2024-09-02T16:05:29","date_gmt":"2024-09-02T13:05:29","guid":{"rendered":"https:\/\/optim.xplication.ro\/?post_type=product&#038;p=42977"},"modified":"2024-09-25T12:40:35","modified_gmt":"2024-09-25T09:40:35","slug":"bahrain-woman","status":"publish","type":"product","link":"https:\/\/optimservicii.ro\/en\/tricouri\/bahrain-woman\/","title":{"rendered":"Tricou Bahrain Woman"},"content":{"rendered":"<p>Tricou tehnic cu m\u00e2nec\u0103 lung\u0103 pentru femei, cu g\u00e2t rotund \u0219i cus\u0103turi asortate.<\/p>","protected":false},"excerpt":{"rendered":"<p>Tricou tehnic cu m\u00e2nec\u0103 lung\u0103 pentru femei, cu g\u00e2t rotund \u0219i cus\u0103turi asortate.<\/p>","protected":false},"featured_media":16655,"template":"","meta":[],"product_cat":[582],"product_tag":[],"class_list":{"0":"post-42977","1":"product","2":"type-product","3":"status-publish","4":"has-post-thumbnail","6":"product_cat-tricouri","8":"first","9":"instock","10":"shipping-taxable","11":"purchasable","12":"product-type-variable","13":"has-default-attributes"},"_links":{"self":[{"href":"https:\/\/optimservicii.ro\/en\/wp-json\/wp\/v2\/product\/42977","targetHints":{"allow":["GET"]}}],"collection":[{"href":"https:\/\/optimservicii.ro\/en\/wp-json\/wp\/v2\/product"}],"about":[{"href":"https:\/\/optimservicii.ro\/en\/wp-json\/wp\/v2\/types\/product"}],"version-history":[{"count":2,"href":"https:\/\/optimservicii.ro\/en\/wp-json\/wp\/v2\/product\/42977\/revisions"}],"predecessor-version":[{"id":45449,"href":"https:\/\/optimservicii.ro\/en\/wp-json\/wp\/v2\/product\/42977\/revisions\/45449"}],"wp:featuredmedia":[{"embeddable":true,"href":"https:\/\/optimservicii.ro\/en\/wp-json\/wp\/v2\/media\/16655"}],"wp:attachment":[{"href":"https:\/\/optimservicii.ro\/en\/wp-json\/wp\/v2\/media?parent=42977"}],"wp:term":[{"taxonomy":"product_cat","embeddable":true,"href":"https:\/\/optimservicii.ro\/en\/wp-json\/wp\/v2\/product_cat?post=42977"},{"taxonomy":"product_tag","embeddable":true,"href":"https:\/\/optimservicii.ro\/en\/wp-json\/wp\/v2\/product_tag?post=42977"}],"curies":[{"name":"wp","href":"https:\/\/api.w.org\/{rel}","templated":true}]}}