{"id":42996,"date":"2024-09-02T16:05:32","date_gmt":"2024-09-02T13:05:32","guid":{"rendered":"https:\/\/optim.xplication.ro\/?post_type=product&#038;p=42996"},"modified":"2024-09-25T12:40:49","modified_gmt":"2024-09-25T09:40:49","slug":"montecarlo-l-s","status":"publish","type":"product","link":"https:\/\/optimservicii.ro\/en\/tricouri\/montecarlo-l-s\/","title":{"rendered":"Tricou Montecarlo L\/S"},"content":{"rendered":"<p>Tricou tehnic cu m\u00e2neci lungi raglan, croit \u00een m\u00e2neci ton (f\u0103r\u0103 t\u0103ieturi laterale).<\/p>","protected":false},"excerpt":{"rendered":"<p>Tricou tehnic cu m\u00e2neci lungi raglan, croit \u00een m\u00e2neci ton (f\u0103r\u0103 t\u0103ieturi laterale).<\/p>","protected":false},"featured_media":16659,"template":"","meta":[],"product_cat":[582],"product_tag":[],"class_list":{"0":"post-42996","1":"product","2":"type-product","3":"status-publish","4":"has-post-thumbnail","6":"product_cat-tricouri","8":"first","9":"instock","10":"shipping-taxable","11":"purchasable","12":"product-type-variable","13":"has-default-attributes"},"_links":{"self":[{"href":"https:\/\/optimservicii.ro\/en\/wp-json\/wp\/v2\/product\/42996","targetHints":{"allow":["GET"]}}],"collection":[{"href":"https:\/\/optimservicii.ro\/en\/wp-json\/wp\/v2\/product"}],"about":[{"href":"https:\/\/optimservicii.ro\/en\/wp-json\/wp\/v2\/types\/product"}],"version-history":[{"count":2,"href":"https:\/\/optimservicii.ro\/en\/wp-json\/wp\/v2\/product\/42996\/revisions"}],"predecessor-version":[{"id":45451,"href":"https:\/\/optimservicii.ro\/en\/wp-json\/wp\/v2\/product\/42996\/revisions\/45451"}],"wp:featuredmedia":[{"embeddable":true,"href":"https:\/\/optimservicii.ro\/en\/wp-json\/wp\/v2\/media\/16659"}],"wp:attachment":[{"href":"https:\/\/optimservicii.ro\/en\/wp-json\/wp\/v2\/media?parent=42996"}],"wp:term":[{"taxonomy":"product_cat","embeddable":true,"href":"https:\/\/optimservicii.ro\/en\/wp-json\/wp\/v2\/product_cat?post=42996"},{"taxonomy":"product_tag","embeddable":true,"href":"https:\/\/optimservicii.ro\/en\/wp-json\/wp\/v2\/product_tag?post=42996"}],"curies":[{"name":"wp","href":"https:\/\/api.w.org\/{rel}","templated":true}]}}