{"id":43106,"date":"2024-09-02T16:05:40","date_gmt":"2024-09-02T13:05:40","guid":{"rendered":"https:\/\/optim.xplication.ro\/?post_type=product&#038;p=43106"},"modified":"2024-09-25T12:42:28","modified_gmt":"2024-09-25T09:42:28","slug":"pointer-child","status":"publish","type":"product","link":"https:\/\/optimservicii.ro\/en\/tricouri\/pointer-child\/","title":{"rendered":"Tricou Pointer Child"},"content":{"rendered":"<p>Tricou cu m\u00e2neci lungi, cus\u0103turi laterale, cu guler rotund \u00een 4 straturi \u0219i man\u0219ete canal 1&#215;1.<\/p>","protected":false},"excerpt":{"rendered":"<p>Tricou cu m\u00e2neci lungi, cus\u0103turi laterale, cu guler rotund \u00een 4 straturi \u0219i man\u0219ete canal 1&#215;1.<\/p>","protected":false},"featured_media":16687,"template":"","meta":[],"product_cat":[582],"product_tag":[],"class_list":{"0":"post-43106","1":"product","2":"type-product","3":"status-publish","4":"has-post-thumbnail","6":"product_cat-tricouri","8":"first","9":"instock","10":"shipping-taxable","11":"product-type-variable","12":"has-default-attributes"},"_links":{"self":[{"href":"https:\/\/optimservicii.ro\/en\/wp-json\/wp\/v2\/product\/43106","targetHints":{"allow":["GET"]}}],"collection":[{"href":"https:\/\/optimservicii.ro\/en\/wp-json\/wp\/v2\/product"}],"about":[{"href":"https:\/\/optimservicii.ro\/en\/wp-json\/wp\/v2\/types\/product"}],"version-history":[{"count":2,"href":"https:\/\/optimservicii.ro\/en\/wp-json\/wp\/v2\/product\/43106\/revisions"}],"predecessor-version":[{"id":45465,"href":"https:\/\/optimservicii.ro\/en\/wp-json\/wp\/v2\/product\/43106\/revisions\/45465"}],"wp:featuredmedia":[{"embeddable":true,"href":"https:\/\/optimservicii.ro\/en\/wp-json\/wp\/v2\/media\/16687"}],"wp:attachment":[{"href":"https:\/\/optimservicii.ro\/en\/wp-json\/wp\/v2\/media?parent=43106"}],"wp:term":[{"taxonomy":"product_cat","embeddable":true,"href":"https:\/\/optimservicii.ro\/en\/wp-json\/wp\/v2\/product_cat?post=43106"},{"taxonomy":"product_tag","embeddable":true,"href":"https:\/\/optimservicii.ro\/en\/wp-json\/wp\/v2\/product_tag?post=43106"}],"curies":[{"name":"wp","href":"https:\/\/api.w.org\/{rel}","templated":true}]}}