{"id":43171,"date":"2024-09-02T16:05:45","date_gmt":"2024-09-02T13:05:45","guid":{"rendered":"https:\/\/optim.xplication.ro\/?post_type=product&#038;p=43171"},"modified":"2024-09-25T12:43:24","modified_gmt":"2024-09-25T09:43:24","slug":"dogo-premium","status":"publish","type":"product","link":"https:\/\/optimservicii.ro\/en\/tricouri\/dogo-premium\/","title":{"rendered":"Tricou Dogo Premium"},"content":{"rendered":"<p>Tricou cu m\u00e2nec\u0103 scurt\u0103.<\/p>","protected":false},"excerpt":{"rendered":"<p>Tricou cu m\u00e2nec\u0103 scurt\u0103.<\/p>","protected":false},"featured_media":16703,"template":"","meta":[],"product_cat":[582],"product_tag":[],"class_list":{"0":"post-43171","1":"product","2":"type-product","3":"status-publish","4":"has-post-thumbnail","6":"product_cat-tricouri","8":"first","9":"instock","10":"shipping-taxable","11":"purchasable","12":"product-type-variable","13":"has-default-attributes"},"_links":{"self":[{"href":"https:\/\/optimservicii.ro\/en\/wp-json\/wp\/v2\/product\/43171","targetHints":{"allow":["GET"]}}],"collection":[{"href":"https:\/\/optimservicii.ro\/en\/wp-json\/wp\/v2\/product"}],"about":[{"href":"https:\/\/optimservicii.ro\/en\/wp-json\/wp\/v2\/types\/product"}],"version-history":[{"count":2,"href":"https:\/\/optimservicii.ro\/en\/wp-json\/wp\/v2\/product\/43171\/revisions"}],"predecessor-version":[{"id":45473,"href":"https:\/\/optimservicii.ro\/en\/wp-json\/wp\/v2\/product\/43171\/revisions\/45473"}],"wp:featuredmedia":[{"embeddable":true,"href":"https:\/\/optimservicii.ro\/en\/wp-json\/wp\/v2\/media\/16703"}],"wp:attachment":[{"href":"https:\/\/optimservicii.ro\/en\/wp-json\/wp\/v2\/media?parent=43171"}],"wp:term":[{"taxonomy":"product_cat","embeddable":true,"href":"https:\/\/optimservicii.ro\/en\/wp-json\/wp\/v2\/product_cat?post=43171"},{"taxonomy":"product_tag","embeddable":true,"href":"https:\/\/optimservicii.ro\/en\/wp-json\/wp\/v2\/product_tag?post=43171"}],"curies":[{"name":"wp","href":"https:\/\/api.w.org\/{rel}","templated":true}]}}