{"id":43572,"date":"2024-09-02T16:06:17","date_gmt":"2024-09-02T13:06:17","guid":{"rendered":"https:\/\/optim.xplication.ro\/?post_type=product&#038;p=43572"},"modified":"2024-09-25T12:50:12","modified_gmt":"2024-09-25T09:50:12","slug":"almanzor","status":"publish","type":"product","link":"https:\/\/optimservicii.ro\/en\/veste\/almanzor\/","title":{"rendered":"Vesta Almanzor"},"content":{"rendered":"<p>Geac\u0103 de lucru cu buzunare multiple cu talie \u00eenalt\u0103.<\/p>","protected":false},"excerpt":{"rendered":"<p>Geac\u0103 de lucru cu buzunare multiple cu talie \u00eenalt\u0103.<\/p>","protected":false},"featured_media":16827,"template":"","meta":[],"product_cat":[584],"product_tag":[],"class_list":{"0":"post-43572","1":"product","2":"type-product","3":"status-publish","4":"has-post-thumbnail","6":"product_cat-veste","8":"first","9":"instock","10":"shipping-taxable","11":"purchasable","12":"product-type-variable","13":"has-default-attributes"},"_links":{"self":[{"href":"https:\/\/optimservicii.ro\/en\/wp-json\/wp\/v2\/product\/43572","targetHints":{"allow":["GET"]}}],"collection":[{"href":"https:\/\/optimservicii.ro\/en\/wp-json\/wp\/v2\/product"}],"about":[{"href":"https:\/\/optimservicii.ro\/en\/wp-json\/wp\/v2\/types\/product"}],"version-history":[{"count":2,"href":"https:\/\/optimservicii.ro\/en\/wp-json\/wp\/v2\/product\/43572\/revisions"}],"predecessor-version":[{"id":45523,"href":"https:\/\/optimservicii.ro\/en\/wp-json\/wp\/v2\/product\/43572\/revisions\/45523"}],"wp:featuredmedia":[{"embeddable":true,"href":"https:\/\/optimservicii.ro\/en\/wp-json\/wp\/v2\/media\/16827"}],"wp:attachment":[{"href":"https:\/\/optimservicii.ro\/en\/wp-json\/wp\/v2\/media?parent=43572"}],"wp:term":[{"taxonomy":"product_cat","embeddable":true,"href":"https:\/\/optimservicii.ro\/en\/wp-json\/wp\/v2\/product_cat?post=43572"},{"taxonomy":"product_tag","embeddable":true,"href":"https:\/\/optimservicii.ro\/en\/wp-json\/wp\/v2\/product_tag?post=43572"}],"curies":[{"name":"wp","href":"https:\/\/api.w.org\/{rel}","templated":true}]}}