{"id":43605,"date":"2024-09-02T16:06:20","date_gmt":"2024-09-02T13:06:20","guid":{"rendered":"https:\/\/optim.xplication.ro\/?post_type=product&#038;p=43605"},"modified":"2024-09-25T12:50:39","modified_gmt":"2024-09-25T09:50:39","slug":"polux","status":"publish","type":"product","link":"https:\/\/optimservicii.ro\/en\/veste\/polux\/","title":{"rendered":"Vesta Polux"},"content":{"rendered":"<p>Jachet\u0103 de \u00eenalt\u0103 vizibilitate cu suport.<\/p>","protected":false},"excerpt":{"rendered":"<p>Jachet\u0103 de \u00eenalt\u0103 vizibilitate cu suport.<\/p>","protected":false},"featured_media":16835,"template":"","meta":[],"product_cat":[584],"product_tag":[],"class_list":{"0":"post-43605","1":"product","2":"type-product","3":"status-publish","4":"has-post-thumbnail","6":"product_cat-veste","8":"first","9":"instock","10":"shipping-taxable","11":"product-type-variable","12":"has-default-attributes"},"_links":{"self":[{"href":"https:\/\/optimservicii.ro\/en\/wp-json\/wp\/v2\/product\/43605","targetHints":{"allow":["GET"]}}],"collection":[{"href":"https:\/\/optimservicii.ro\/en\/wp-json\/wp\/v2\/product"}],"about":[{"href":"https:\/\/optimservicii.ro\/en\/wp-json\/wp\/v2\/types\/product"}],"version-history":[{"count":2,"href":"https:\/\/optimservicii.ro\/en\/wp-json\/wp\/v2\/product\/43605\/revisions"}],"predecessor-version":[{"id":45527,"href":"https:\/\/optimservicii.ro\/en\/wp-json\/wp\/v2\/product\/43605\/revisions\/45527"}],"wp:featuredmedia":[{"embeddable":true,"href":"https:\/\/optimservicii.ro\/en\/wp-json\/wp\/v2\/media\/16835"}],"wp:attachment":[{"href":"https:\/\/optimservicii.ro\/en\/wp-json\/wp\/v2\/media?parent=43605"}],"wp:term":[{"taxonomy":"product_cat","embeddable":true,"href":"https:\/\/optimservicii.ro\/en\/wp-json\/wp\/v2\/product_cat?post=43605"},{"taxonomy":"product_tag","embeddable":true,"href":"https:\/\/optimservicii.ro\/en\/wp-json\/wp\/v2\/product_tag?post=43605"}],"curies":[{"name":"wp","href":"https:\/\/api.w.org\/{rel}","templated":true}]}}