{"id":43780,"date":"2024-09-02T16:06:35","date_gmt":"2024-09-02T13:06:35","guid":{"rendered":"https:\/\/optim.xplication.ro\/?post_type=product&#038;p=43780"},"modified":"2024-09-25T12:53:35","modified_gmt":"2024-09-25T09:53:35","slug":"artic-woman","status":"publish","type":"product","link":"https:\/\/optimservicii.ro\/en\/jachete\/artic-woman\/","title":{"rendered":"Jacheta Artic Woman"},"content":{"rendered":"<p>Hanorac polar, cu talie c\u0103ptu\u0219it\u0103 \u00eenalt\u0103 \u0219i cus\u0103turi acoperite, \u00eent\u0103rite \u00een ton.<\/p>","protected":false},"excerpt":{"rendered":"<p>Hanorac polar, cu talie c\u0103ptu\u0219it\u0103 \u00eenalt\u0103 \u0219i cus\u0103turi acoperite, \u00eent\u0103rite \u00een ton.<\/p>","protected":false},"featured_media":16903,"template":"","meta":[],"product_cat":[590],"product_tag":[],"class_list":{"0":"post-43780","1":"product","2":"type-product","3":"status-publish","4":"has-post-thumbnail","6":"product_cat-jachete","8":"first","9":"instock","10":"shipping-taxable","11":"purchasable","12":"product-type-variable","13":"has-default-attributes"},"_links":{"self":[{"href":"https:\/\/optimservicii.ro\/en\/wp-json\/wp\/v2\/product\/43780","targetHints":{"allow":["GET"]}}],"collection":[{"href":"https:\/\/optimservicii.ro\/en\/wp-json\/wp\/v2\/product"}],"about":[{"href":"https:\/\/optimservicii.ro\/en\/wp-json\/wp\/v2\/types\/product"}],"version-history":[{"count":2,"href":"https:\/\/optimservicii.ro\/en\/wp-json\/wp\/v2\/product\/43780\/revisions"}],"predecessor-version":[{"id":45549,"href":"https:\/\/optimservicii.ro\/en\/wp-json\/wp\/v2\/product\/43780\/revisions\/45549"}],"wp:featuredmedia":[{"embeddable":true,"href":"https:\/\/optimservicii.ro\/en\/wp-json\/wp\/v2\/media\/16903"}],"wp:attachment":[{"href":"https:\/\/optimservicii.ro\/en\/wp-json\/wp\/v2\/media?parent=43780"}],"wp:term":[{"taxonomy":"product_cat","embeddable":true,"href":"https:\/\/optimservicii.ro\/en\/wp-json\/wp\/v2\/product_cat?post=43780"},{"taxonomy":"product_tag","embeddable":true,"href":"https:\/\/optimservicii.ro\/en\/wp-json\/wp\/v2\/product_tag?post=43780"}],"curies":[{"name":"wp","href":"https:\/\/api.w.org\/{rel}","templated":true}]}}