{"id":43819,"date":"2024-09-02T16:06:38","date_gmt":"2024-09-02T13:06:38","guid":{"rendered":"https:\/\/optim.xplication.ro\/?post_type=product&#038;p=43819"},"modified":"2024-09-25T12:54:10","modified_gmt":"2024-09-25T09:54:10","slug":"armada","status":"publish","type":"product","link":"https:\/\/optimservicii.ro\/en\/jachete\/armada\/","title":{"rendered":"Jacheta Armada"},"content":{"rendered":"<p>Geac\u0103 de lucru cu buzunare multiple cu talie \u00eenalt\u0103 \u00een culori combinate.<\/p>","protected":false},"excerpt":{"rendered":"<p>Geac\u0103 de lucru cu buzunare multiple cu talie \u00eenalt\u0103 \u00een culori combinate.<\/p>","protected":false},"featured_media":16913,"template":"","meta":[],"product_cat":[590],"product_tag":[],"class_list":{"0":"post-43819","1":"product","2":"type-product","3":"status-publish","4":"has-post-thumbnail","6":"product_cat-jachete","8":"first","9":"instock","10":"shipping-taxable","11":"purchasable","12":"product-type-variable","13":"has-default-attributes"},"_links":{"self":[{"href":"https:\/\/optimservicii.ro\/en\/wp-json\/wp\/v2\/product\/43819","targetHints":{"allow":["GET"]}}],"collection":[{"href":"https:\/\/optimservicii.ro\/en\/wp-json\/wp\/v2\/product"}],"about":[{"href":"https:\/\/optimservicii.ro\/en\/wp-json\/wp\/v2\/types\/product"}],"version-history":[{"count":2,"href":"https:\/\/optimservicii.ro\/en\/wp-json\/wp\/v2\/product\/43819\/revisions"}],"predecessor-version":[{"id":45554,"href":"https:\/\/optimservicii.ro\/en\/wp-json\/wp\/v2\/product\/43819\/revisions\/45554"}],"wp:featuredmedia":[{"embeddable":true,"href":"https:\/\/optimservicii.ro\/en\/wp-json\/wp\/v2\/media\/16913"}],"wp:attachment":[{"href":"https:\/\/optimservicii.ro\/en\/wp-json\/wp\/v2\/media?parent=43819"}],"wp:term":[{"taxonomy":"product_cat","embeddable":true,"href":"https:\/\/optimservicii.ro\/en\/wp-json\/wp\/v2\/product_cat?post=43819"},{"taxonomy":"product_tag","embeddable":true,"href":"https:\/\/optimservicii.ro\/en\/wp-json\/wp\/v2\/product_tag?post=43819"}],"curies":[{"name":"wp","href":"https:\/\/api.w.org\/{rel}","templated":true}]}}