{"id":43981,"date":"2024-09-02T16:06:53","date_gmt":"2024-09-02T13:06:53","guid":{"rendered":"https:\/\/optim.xplication.ro\/?post_type=product&#038;p=43981"},"modified":"2024-09-25T12:51:52","modified_gmt":"2024-09-25T09:51:52","slug":"soan","status":"publish","type":"product","link":"https:\/\/optimservicii.ro\/en\/vizibilitate-inalta\/soan\/","title":{"rendered":"Vizibilitate Mic\u0103 Soan"},"content":{"rendered":"<p>Pantaloni de iarn\u0103 cu mai multe buzunare de \u00eenalt\u0103 vizibilitate.<\/p>","protected":false},"excerpt":{"rendered":"<p>Pantaloni de iarn\u0103 cu mai multe buzunare de \u00eenalt\u0103 vizibilitate.<\/p>","protected":false},"featured_media":16961,"template":"","meta":[],"product_cat":[596],"product_tag":[],"class_list":{"0":"post-43981","1":"product","2":"type-product","3":"status-publish","4":"has-post-thumbnail","6":"product_cat-vizibilitate-inalta","8":"first","9":"instock","10":"shipping-taxable","11":"purchasable","12":"product-type-simple"},"_links":{"self":[{"href":"https:\/\/optimservicii.ro\/en\/wp-json\/wp\/v2\/product\/43981","targetHints":{"allow":["GET"]}}],"collection":[{"href":"https:\/\/optimservicii.ro\/en\/wp-json\/wp\/v2\/product"}],"about":[{"href":"https:\/\/optimservicii.ro\/en\/wp-json\/wp\/v2\/types\/product"}],"version-history":[{"count":2,"href":"https:\/\/optimservicii.ro\/en\/wp-json\/wp\/v2\/product\/43981\/revisions"}],"predecessor-version":[{"id":45574,"href":"https:\/\/optimservicii.ro\/en\/wp-json\/wp\/v2\/product\/43981\/revisions\/45574"}],"wp:featuredmedia":[{"embeddable":true,"href":"https:\/\/optimservicii.ro\/en\/wp-json\/wp\/v2\/media\/16961"}],"wp:attachment":[{"href":"https:\/\/optimservicii.ro\/en\/wp-json\/wp\/v2\/media?parent=43981"}],"wp:term":[{"taxonomy":"product_cat","embeddable":true,"href":"https:\/\/optimservicii.ro\/en\/wp-json\/wp\/v2\/product_cat?post=43981"},{"taxonomy":"product_tag","embeddable":true,"href":"https:\/\/optimservicii.ro\/en\/wp-json\/wp\/v2\/product_tag?post=43981"}],"curies":[{"name":"wp","href":"https:\/\/api.w.org\/{rel}","templated":true}]}}