{"id":44002,"date":"2024-09-02T16:06:53","date_gmt":"2024-09-02T13:06:53","guid":{"rendered":"https:\/\/optim.xplication.ro\/?post_type=product&#038;p=44002"},"modified":"2024-09-25T12:51:56","modified_gmt":"2024-09-25T09:51:56","slug":"epsylon","status":"publish","type":"product","link":"https:\/\/optimservicii.ro\/en\/vizibilitate-inalta\/epsylon\/","title":{"rendered":"Vizibilitate Mic\u0103 Epsylon"},"content":{"rendered":"<p>Parka c\u0103ptu\u0219it\u0103 cu vizibilitate ridicat\u0103 combinat\u0103 \u00een dou\u0103 culori.<\/p>","protected":false},"excerpt":{"rendered":"<p>Parka c\u0103ptu\u0219it\u0103 cu vizibilitate ridicat\u0103 combinat\u0103 \u00een dou\u0103 culori.<\/p>","protected":false},"featured_media":16967,"template":"","meta":[],"product_cat":[596],"product_tag":[],"class_list":{"0":"post-44002","1":"product","2":"type-product","3":"status-publish","4":"has-post-thumbnail","6":"product_cat-vizibilitate-inalta","8":"first","9":"instock","10":"shipping-taxable","11":"purchasable","12":"product-type-simple"},"_links":{"self":[{"href":"https:\/\/optimservicii.ro\/en\/wp-json\/wp\/v2\/product\/44002","targetHints":{"allow":["GET"]}}],"collection":[{"href":"https:\/\/optimservicii.ro\/en\/wp-json\/wp\/v2\/product"}],"about":[{"href":"https:\/\/optimservicii.ro\/en\/wp-json\/wp\/v2\/types\/product"}],"version-history":[{"count":2,"href":"https:\/\/optimservicii.ro\/en\/wp-json\/wp\/v2\/product\/44002\/revisions"}],"predecessor-version":[{"id":45577,"href":"https:\/\/optimservicii.ro\/en\/wp-json\/wp\/v2\/product\/44002\/revisions\/45577"}],"wp:featuredmedia":[{"embeddable":true,"href":"https:\/\/optimservicii.ro\/en\/wp-json\/wp\/v2\/media\/16967"}],"wp:attachment":[{"href":"https:\/\/optimservicii.ro\/en\/wp-json\/wp\/v2\/media?parent=44002"}],"wp:term":[{"taxonomy":"product_cat","embeddable":true,"href":"https:\/\/optimservicii.ro\/en\/wp-json\/wp\/v2\/product_cat?post=44002"},{"taxonomy":"product_tag","embeddable":true,"href":"https:\/\/optimservicii.ro\/en\/wp-json\/wp\/v2\/product_tag?post=44002"}],"curies":[{"name":"wp","href":"https:\/\/api.w.org\/{rel}","templated":true}]}}