{"id":44013,"date":"2024-09-02T16:06:55","date_gmt":"2024-09-02T13:06:55","guid":{"rendered":"https:\/\/optim.xplication.ro\/?post_type=product&#038;p=44013"},"modified":"2024-09-25T12:51:57","modified_gmt":"2024-09-25T09:51:57","slug":"altair","status":"publish","type":"product","link":"https:\/\/optimservicii.ro\/en\/vizibilitate-inalta\/altair\/","title":{"rendered":"Vizibilitate Mic\u0103 Altair"},"content":{"rendered":"<p>Jachet\u0103 fleece de \u00eenalt\u0103 vizibilitate.<\/p>","protected":false},"excerpt":{"rendered":"<p>Jachet\u0103 fleece de \u00eenalt\u0103 vizibilitate.<\/p>","protected":false},"featured_media":16969,"template":"","meta":[],"product_cat":[596],"product_tag":[],"class_list":{"0":"post-44013","1":"product","2":"type-product","3":"status-publish","4":"has-post-thumbnail","6":"product_cat-vizibilitate-inalta","8":"first","9":"instock","10":"shipping-taxable","11":"purchasable","12":"product-type-simple"},"_links":{"self":[{"href":"https:\/\/optimservicii.ro\/en\/wp-json\/wp\/v2\/product\/44013","targetHints":{"allow":["GET"]}}],"collection":[{"href":"https:\/\/optimservicii.ro\/en\/wp-json\/wp\/v2\/product"}],"about":[{"href":"https:\/\/optimservicii.ro\/en\/wp-json\/wp\/v2\/types\/product"}],"version-history":[{"count":2,"href":"https:\/\/optimservicii.ro\/en\/wp-json\/wp\/v2\/product\/44013\/revisions"}],"predecessor-version":[{"id":45578,"href":"https:\/\/optimservicii.ro\/en\/wp-json\/wp\/v2\/product\/44013\/revisions\/45578"}],"wp:featuredmedia":[{"embeddable":true,"href":"https:\/\/optimservicii.ro\/en\/wp-json\/wp\/v2\/media\/16969"}],"wp:attachment":[{"href":"https:\/\/optimservicii.ro\/en\/wp-json\/wp\/v2\/media?parent=44013"}],"wp:term":[{"taxonomy":"product_cat","embeddable":true,"href":"https:\/\/optimservicii.ro\/en\/wp-json\/wp\/v2\/product_cat?post=44013"},{"taxonomy":"product_tag","embeddable":true,"href":"https:\/\/optimservicii.ro\/en\/wp-json\/wp\/v2\/product_tag?post=44013"}],"curies":[{"name":"wp","href":"https:\/\/api.w.org\/{rel}","templated":true}]}}