{"id":44034,"date":"2024-09-02T16:06:56","date_gmt":"2024-09-02T13:06:56","guid":{"rendered":"https:\/\/optim.xplication.ro\/?post_type=product&#038;p=44034"},"modified":"2024-09-25T12:52:00","modified_gmt":"2024-09-25T09:52:00","slug":"alfa","status":"publish","type":"product","link":"https:\/\/optimservicii.ro\/en\/vizibilitate-inalta\/alfa\/","title":{"rendered":"Vizibilitate Mic\u0103 Alfa"},"content":{"rendered":"<p>Pantaloni largi de mare vizibilitate, din \u021bes\u0103tur\u0103 rezistent\u0103.<\/p>","protected":false},"excerpt":{"rendered":"<p>Pantaloni largi de mare vizibilitate, din \u021bes\u0103tur\u0103 rezistent\u0103.<\/p>","protected":false},"featured_media":16975,"template":"","meta":[],"product_cat":[596],"product_tag":[],"class_list":{"0":"post-44034","1":"product","2":"type-product","3":"status-publish","4":"has-post-thumbnail","6":"product_cat-vizibilitate-inalta","8":"first","9":"instock","10":"shipping-taxable","11":"purchasable","12":"product-type-simple"},"_links":{"self":[{"href":"https:\/\/optimservicii.ro\/en\/wp-json\/wp\/v2\/product\/44034","targetHints":{"allow":["GET"]}}],"collection":[{"href":"https:\/\/optimservicii.ro\/en\/wp-json\/wp\/v2\/product"}],"about":[{"href":"https:\/\/optimservicii.ro\/en\/wp-json\/wp\/v2\/types\/product"}],"version-history":[{"count":2,"href":"https:\/\/optimservicii.ro\/en\/wp-json\/wp\/v2\/product\/44034\/revisions"}],"predecessor-version":[{"id":45581,"href":"https:\/\/optimservicii.ro\/en\/wp-json\/wp\/v2\/product\/44034\/revisions\/45581"}],"wp:featuredmedia":[{"embeddable":true,"href":"https:\/\/optimservicii.ro\/en\/wp-json\/wp\/v2\/media\/16975"}],"wp:attachment":[{"href":"https:\/\/optimservicii.ro\/en\/wp-json\/wp\/v2\/media?parent=44034"}],"wp:term":[{"taxonomy":"product_cat","embeddable":true,"href":"https:\/\/optimservicii.ro\/en\/wp-json\/wp\/v2\/product_cat?post=44034"},{"taxonomy":"product_tag","embeddable":true,"href":"https:\/\/optimservicii.ro\/en\/wp-json\/wp\/v2\/product_tag?post=44034"}],"curies":[{"name":"wp","href":"https:\/\/api.w.org\/{rel}","templated":true}]}}