{"id":44059,"date":"2024-09-02T16:06:58","date_gmt":"2024-09-02T13:06:58","guid":{"rendered":"https:\/\/optim.xplication.ro\/?post_type=product&#038;p=44059"},"modified":"2024-09-25T12:52:03","modified_gmt":"2024-09-25T09:52:03","slug":"persei","status":"publish","type":"product","link":"https:\/\/optimservicii.ro\/en\/vizibilitate-inalta\/persei\/","title":{"rendered":"Vizibilitate Mic\u0103 Persei"},"content":{"rendered":"<p>Jachet\u0103 reversibil\u0103 cu mai multe buzunare, vizibilitate ridicat\u0103, cu guler \u00eenalt.<\/p>","protected":false},"excerpt":{"rendered":"<p>Jachet\u0103 reversibil\u0103 cu mai multe buzunare, vizibilitate ridicat\u0103, cu guler \u00eenalt.<\/p>","protected":false},"featured_media":16981,"template":"","meta":[],"product_cat":[596],"product_tag":[],"class_list":{"0":"post-44059","1":"product","2":"type-product","3":"status-publish","4":"has-post-thumbnail","6":"product_cat-vizibilitate-inalta","8":"first","9":"instock","10":"shipping-taxable","11":"purchasable","12":"product-type-simple"},"_links":{"self":[{"href":"https:\/\/optimservicii.ro\/en\/wp-json\/wp\/v2\/product\/44059","targetHints":{"allow":["GET"]}}],"collection":[{"href":"https:\/\/optimservicii.ro\/en\/wp-json\/wp\/v2\/product"}],"about":[{"href":"https:\/\/optimservicii.ro\/en\/wp-json\/wp\/v2\/types\/product"}],"version-history":[{"count":2,"href":"https:\/\/optimservicii.ro\/en\/wp-json\/wp\/v2\/product\/44059\/revisions"}],"predecessor-version":[{"id":45584,"href":"https:\/\/optimservicii.ro\/en\/wp-json\/wp\/v2\/product\/44059\/revisions\/45584"}],"wp:featuredmedia":[{"embeddable":true,"href":"https:\/\/optimservicii.ro\/en\/wp-json\/wp\/v2\/media\/16981"}],"wp:attachment":[{"href":"https:\/\/optimservicii.ro\/en\/wp-json\/wp\/v2\/media?parent=44059"}],"wp:term":[{"taxonomy":"product_cat","embeddable":true,"href":"https:\/\/optimservicii.ro\/en\/wp-json\/wp\/v2\/product_cat?post=44059"},{"taxonomy":"product_tag","embeddable":true,"href":"https:\/\/optimservicii.ro\/en\/wp-json\/wp\/v2\/product_tag?post=44059"}],"curies":[{"name":"wp","href":"https:\/\/api.w.org\/{rel}","templated":true}]}}