{"id":44073,"date":"2024-09-02T16:06:59","date_gmt":"2024-09-02T13:06:59","guid":{"rendered":"https:\/\/optim.xplication.ro\/?post_type=product&#038;p=44073"},"modified":"2024-09-25T12:52:05","modified_gmt":"2024-09-25T09:52:05","slug":"vega","status":"publish","type":"product","link":"https:\/\/optimservicii.ro\/en\/vizibilitate-inalta\/vega\/","title":{"rendered":"Vizibilitate Mic\u0103 Vega"},"content":{"rendered":"<p>Polo tehnic de \u00eenalt\u0103 vizibilitate cu m\u00e2neci scurte.<\/p>","protected":false},"excerpt":{"rendered":"<p>Polo tehnic de \u00eenalt\u0103 vizibilitate cu m\u00e2neci scurte.<\/p>","protected":false},"featured_media":16985,"template":"","meta":[],"product_cat":[596],"product_tag":[],"class_list":{"0":"post-44073","1":"product","2":"type-product","3":"status-publish","4":"has-post-thumbnail","6":"product_cat-vizibilitate-inalta","8":"first","9":"instock","10":"shipping-taxable","11":"purchasable","12":"product-type-simple"},"_links":{"self":[{"href":"https:\/\/optimservicii.ro\/en\/wp-json\/wp\/v2\/product\/44073","targetHints":{"allow":["GET"]}}],"collection":[{"href":"https:\/\/optimservicii.ro\/en\/wp-json\/wp\/v2\/product"}],"about":[{"href":"https:\/\/optimservicii.ro\/en\/wp-json\/wp\/v2\/types\/product"}],"version-history":[{"count":2,"href":"https:\/\/optimservicii.ro\/en\/wp-json\/wp\/v2\/product\/44073\/revisions"}],"predecessor-version":[{"id":45586,"href":"https:\/\/optimservicii.ro\/en\/wp-json\/wp\/v2\/product\/44073\/revisions\/45586"}],"wp:featuredmedia":[{"embeddable":true,"href":"https:\/\/optimservicii.ro\/en\/wp-json\/wp\/v2\/media\/16985"}],"wp:attachment":[{"href":"https:\/\/optimservicii.ro\/en\/wp-json\/wp\/v2\/media?parent=44073"}],"wp:term":[{"taxonomy":"product_cat","embeddable":true,"href":"https:\/\/optimservicii.ro\/en\/wp-json\/wp\/v2\/product_cat?post=44073"},{"taxonomy":"product_tag","embeddable":true,"href":"https:\/\/optimservicii.ro\/en\/wp-json\/wp\/v2\/product_tag?post=44073"}],"curies":[{"name":"wp","href":"https:\/\/api.w.org\/{rel}","templated":true}]}}