{"id":44099,"date":"2024-09-02T16:07:02","date_gmt":"2024-09-02T13:07:02","guid":{"rendered":"https:\/\/optim.xplication.ro\/?post_type=product&#038;p=44099"},"modified":"2024-09-25T12:54:33","modified_gmt":"2024-09-25T09:54:33","slug":"atrio","status":"publish","type":"product","link":"https:\/\/optimservicii.ro\/en\/vizibilitate-inalta\/atrio\/","title":{"rendered":"Vizibilitate Mic\u0103 Atrio"},"content":{"rendered":"<p>Polo tehnic de \u00eenalt\u0103 vizibilitate cu m\u00e2neci scurte.<\/p>","protected":false},"excerpt":{"rendered":"<p>Polo tehnic de \u00eenalt\u0103 vizibilitate cu m\u00e2neci scurte.<\/p>","protected":false},"featured_media":16991,"template":"","meta":[],"product_cat":[596],"product_tag":[],"class_list":{"0":"post-44099","1":"product","2":"type-product","3":"status-publish","4":"has-post-thumbnail","6":"product_cat-vizibilitate-inalta","8":"first","9":"instock","10":"shipping-taxable","11":"purchasable","12":"product-type-simple"},"_links":{"self":[{"href":"https:\/\/optimservicii.ro\/en\/wp-json\/wp\/v2\/product\/44099","targetHints":{"allow":["GET"]}}],"collection":[{"href":"https:\/\/optimservicii.ro\/en\/wp-json\/wp\/v2\/product"}],"about":[{"href":"https:\/\/optimservicii.ro\/en\/wp-json\/wp\/v2\/types\/product"}],"version-history":[{"count":2,"href":"https:\/\/optimservicii.ro\/en\/wp-json\/wp\/v2\/product\/44099\/revisions"}],"predecessor-version":[{"id":45589,"href":"https:\/\/optimservicii.ro\/en\/wp-json\/wp\/v2\/product\/44099\/revisions\/45589"}],"wp:featuredmedia":[{"embeddable":true,"href":"https:\/\/optimservicii.ro\/en\/wp-json\/wp\/v2\/media\/16991"}],"wp:attachment":[{"href":"https:\/\/optimservicii.ro\/en\/wp-json\/wp\/v2\/media?parent=44099"}],"wp:term":[{"taxonomy":"product_cat","embeddable":true,"href":"https:\/\/optimservicii.ro\/en\/wp-json\/wp\/v2\/product_cat?post=44099"},{"taxonomy":"product_tag","embeddable":true,"href":"https:\/\/optimservicii.ro\/en\/wp-json\/wp\/v2\/product_tag?post=44099"}],"curies":[{"name":"wp","href":"https:\/\/api.w.org\/{rel}","templated":true}]}}