{"id":44450,"date":"2024-09-02T16:07:32","date_gmt":"2024-09-02T13:07:32","guid":{"rendered":"https:\/\/optim.xplication.ro\/?post_type=product&#038;p=44450"},"modified":"2024-09-25T13:00:15","modified_gmt":"2024-09-25T10:00:15","slug":"daily-woman","status":"publish","type":"product","link":"https:\/\/optimservicii.ro\/en\/pantaloni\/daily-woman\/","title":{"rendered":"Pantalon Daily Woman"},"content":{"rendered":"<p>Pantaloni largi de lucru, croial\u0103 dreapt\u0103 \u0219i \u021bes\u0103tur\u0103 rezistent\u0103.<\/p>","protected":false},"excerpt":{"rendered":"<p>Pantaloni largi de lucru, croial\u0103 dreapt\u0103 \u0219i \u021bes\u0103tur\u0103 rezistent\u0103.<\/p>","protected":false},"featured_media":17106,"template":"","meta":[],"product_cat":[599],"product_tag":[],"class_list":{"0":"post-44450","1":"product","2":"type-product","3":"status-publish","4":"has-post-thumbnail","6":"product_cat-pantaloni","8":"first","9":"instock","10":"shipping-taxable","11":"product-type-variable","12":"has-default-attributes"},"_links":{"self":[{"href":"https:\/\/optimservicii.ro\/en\/wp-json\/wp\/v2\/product\/44450","targetHints":{"allow":["GET"]}}],"collection":[{"href":"https:\/\/optimservicii.ro\/en\/wp-json\/wp\/v2\/product"}],"about":[{"href":"https:\/\/optimservicii.ro\/en\/wp-json\/wp\/v2\/types\/product"}],"version-history":[{"count":2,"href":"https:\/\/optimservicii.ro\/en\/wp-json\/wp\/v2\/product\/44450\/revisions"}],"predecessor-version":[{"id":45633,"href":"https:\/\/optimservicii.ro\/en\/wp-json\/wp\/v2\/product\/44450\/revisions\/45633"}],"wp:featuredmedia":[{"embeddable":true,"href":"https:\/\/optimservicii.ro\/en\/wp-json\/wp\/v2\/media\/17106"}],"wp:attachment":[{"href":"https:\/\/optimservicii.ro\/en\/wp-json\/wp\/v2\/media?parent=44450"}],"wp:term":[{"taxonomy":"product_cat","embeddable":true,"href":"https:\/\/optimservicii.ro\/en\/wp-json\/wp\/v2\/product_cat?post=44450"},{"taxonomy":"product_tag","embeddable":true,"href":"https:\/\/optimservicii.ro\/en\/wp-json\/wp\/v2\/product_tag?post=44450"}],"curies":[{"name":"wp","href":"https:\/\/api.w.org\/{rel}","templated":true}]}}