{"id":44553,"date":"2024-09-02T16:07:41","date_gmt":"2024-09-02T13:07:41","guid":{"rendered":"https:\/\/optim.xplication.ro\/?post_type=product&#038;p=44553"},"modified":"2024-09-25T13:02:44","modified_gmt":"2024-09-25T10:02:44","slug":"tallin","status":"publish","type":"product","link":"https:\/\/optimservicii.ro\/en\/geci\/tallin\/","title":{"rendered":"Geaca Tallin"},"content":{"rendered":"<p>Jachet\u0103 c\u0103ptu\u0219it\u0103 combinat\u0103 cu glug\u0103 fix\u0103.<\/p>","protected":false},"excerpt":{"rendered":"<p>Jachet\u0103 c\u0103ptu\u0219it\u0103 combinat\u0103 cu glug\u0103 fix\u0103.<\/p>","protected":false},"featured_media":17132,"template":"","meta":[],"product_cat":[591],"product_tag":[],"class_list":{"0":"post-44553","1":"product","2":"type-product","3":"status-publish","4":"has-post-thumbnail","6":"product_cat-geci","8":"first","9":"instock","10":"shipping-taxable","11":"purchasable","12":"product-type-variable","13":"has-default-attributes"},"_links":{"self":[{"href":"https:\/\/optimservicii.ro\/en\/wp-json\/wp\/v2\/product\/44553","targetHints":{"allow":["GET"]}}],"collection":[{"href":"https:\/\/optimservicii.ro\/en\/wp-json\/wp\/v2\/product"}],"about":[{"href":"https:\/\/optimservicii.ro\/en\/wp-json\/wp\/v2\/types\/product"}],"version-history":[{"count":2,"href":"https:\/\/optimservicii.ro\/en\/wp-json\/wp\/v2\/product\/44553\/revisions"}],"predecessor-version":[{"id":45646,"href":"https:\/\/optimservicii.ro\/en\/wp-json\/wp\/v2\/product\/44553\/revisions\/45646"}],"wp:featuredmedia":[{"embeddable":true,"href":"https:\/\/optimservicii.ro\/en\/wp-json\/wp\/v2\/media\/17132"}],"wp:attachment":[{"href":"https:\/\/optimservicii.ro\/en\/wp-json\/wp\/v2\/media?parent=44553"}],"wp:term":[{"taxonomy":"product_cat","embeddable":true,"href":"https:\/\/optimservicii.ro\/en\/wp-json\/wp\/v2\/product_cat?post=44553"},{"taxonomy":"product_tag","embeddable":true,"href":"https:\/\/optimservicii.ro\/en\/wp-json\/wp\/v2\/product_tag?post=44553"}],"curies":[{"name":"wp","href":"https:\/\/api.w.org\/{rel}","templated":true}]}}