{"id":44629,"date":"2024-09-02T16:07:49","date_gmt":"2024-09-02T13:07:49","guid":{"rendered":"https:\/\/optim.xplication.ro\/?post_type=product&#038;p=44629"},"modified":"2024-09-25T13:03:48","modified_gmt":"2024-09-25T10:03:48","slug":"montmelo","status":"publish","type":"product","link":"https:\/\/optimservicii.ro\/en\/tricouri\/montmelo\/","title":{"rendered":"Tricou Montmelo"},"content":{"rendered":"<p>Polo tehnic cu m\u00e2nec\u0103 scurt\u0103, special pentru sport.<\/p>","protected":false},"excerpt":{"rendered":"<p>Polo tehnic cu m\u00e2nec\u0103 scurt\u0103, special pentru sport.<\/p>","protected":false},"featured_media":17154,"template":"","meta":[],"product_cat":[582],"product_tag":[],"class_list":{"0":"post-44629","1":"product","2":"type-product","3":"status-publish","4":"has-post-thumbnail","6":"product_cat-tricouri","8":"first","9":"instock","10":"shipping-taxable","11":"purchasable","12":"product-type-variable","13":"has-default-attributes"},"_links":{"self":[{"href":"https:\/\/optimservicii.ro\/en\/wp-json\/wp\/v2\/product\/44629","targetHints":{"allow":["GET"]}}],"collection":[{"href":"https:\/\/optimservicii.ro\/en\/wp-json\/wp\/v2\/product"}],"about":[{"href":"https:\/\/optimservicii.ro\/en\/wp-json\/wp\/v2\/types\/product"}],"version-history":[{"count":2,"href":"https:\/\/optimservicii.ro\/en\/wp-json\/wp\/v2\/product\/44629\/revisions"}],"predecessor-version":[{"id":45655,"href":"https:\/\/optimservicii.ro\/en\/wp-json\/wp\/v2\/product\/44629\/revisions\/45655"}],"wp:featuredmedia":[{"embeddable":true,"href":"https:\/\/optimservicii.ro\/en\/wp-json\/wp\/v2\/media\/17154"}],"wp:attachment":[{"href":"https:\/\/optimservicii.ro\/en\/wp-json\/wp\/v2\/media?parent=44629"}],"wp:term":[{"taxonomy":"product_cat","embeddable":true,"href":"https:\/\/optimservicii.ro\/en\/wp-json\/wp\/v2\/product_cat?post=44629"},{"taxonomy":"product_tag","embeddable":true,"href":"https:\/\/optimservicii.ro\/en\/wp-json\/wp\/v2\/product_tag?post=44629"}],"curies":[{"name":"wp","href":"https:\/\/api.w.org\/{rel}","templated":true}]}}