{"id":44765,"date":"2024-09-02T16:08:02","date_gmt":"2024-09-02T13:08:02","guid":{"rendered":"https:\/\/optim.xplication.ro\/?post_type=product&#038;p=44765"},"modified":"2024-09-25T13:05:47","modified_gmt":"2024-09-25T10:05:47","slug":"rover","status":"publish","type":"product","link":"https:\/\/optimservicii.ro\/en\/tricouri\/rover\/","title":{"rendered":"Tricou Rover"},"content":{"rendered":"<p>Polo cu m\u00e2nec\u0103 scurt\u0103.<\/p>","protected":false},"excerpt":{"rendered":"<p>Polo cu m\u00e2nec\u0103 scurt\u0103.<\/p>","protected":false},"featured_media":17188,"template":"","meta":[],"product_cat":[582],"product_tag":[],"class_list":{"0":"post-44765","1":"product","2":"type-product","3":"status-publish","4":"has-post-thumbnail","6":"product_cat-tricouri","8":"first","9":"instock","10":"shipping-taxable","11":"purchasable","12":"product-type-variable","13":"has-default-attributes"},"_links":{"self":[{"href":"https:\/\/optimservicii.ro\/en\/wp-json\/wp\/v2\/product\/44765","targetHints":{"allow":["GET"]}}],"collection":[{"href":"https:\/\/optimservicii.ro\/en\/wp-json\/wp\/v2\/product"}],"about":[{"href":"https:\/\/optimservicii.ro\/en\/wp-json\/wp\/v2\/types\/product"}],"version-history":[{"count":2,"href":"https:\/\/optimservicii.ro\/en\/wp-json\/wp\/v2\/product\/44765\/revisions"}],"predecessor-version":[{"id":45672,"href":"https:\/\/optimservicii.ro\/en\/wp-json\/wp\/v2\/product\/44765\/revisions\/45672"}],"wp:featuredmedia":[{"embeddable":true,"href":"https:\/\/optimservicii.ro\/en\/wp-json\/wp\/v2\/media\/17188"}],"wp:attachment":[{"href":"https:\/\/optimservicii.ro\/en\/wp-json\/wp\/v2\/media?parent=44765"}],"wp:term":[{"taxonomy":"product_cat","embeddable":true,"href":"https:\/\/optimservicii.ro\/en\/wp-json\/wp\/v2\/product_cat?post=44765"},{"taxonomy":"product_tag","embeddable":true,"href":"https:\/\/optimservicii.ro\/en\/wp-json\/wp\/v2\/product_tag?post=44765"}],"curies":[{"name":"wp","href":"https:\/\/api.w.org\/{rel}","templated":true}]}}