{"id":44805,"date":"2024-09-02T16:08:06","date_gmt":"2024-09-02T13:08:06","guid":{"rendered":"https:\/\/optim.xplication.ro\/?post_type=product&#038;p=44805"},"modified":"2024-09-25T13:06:23","modified_gmt":"2024-09-25T10:06:23","slug":"bellagio","status":"publish","type":"product","link":"https:\/\/optimservicii.ro\/en\/geci\/bellagio\/","title":{"rendered":"Geaca Bellagio"},"content":{"rendered":"<p>L\u00e2n\u0103 polar\u0103 cu talie \u00eenalt\u0103.<\/p>","protected":false},"excerpt":{"rendered":"<p>L\u00e2n\u0103 polar\u0103 cu talie \u00eenalt\u0103.<\/p>","protected":false},"featured_media":17198,"template":"","meta":[],"product_cat":[591],"product_tag":[],"class_list":{"0":"post-44805","1":"product","2":"type-product","3":"status-publish","4":"has-post-thumbnail","6":"product_cat-geci","8":"first","9":"instock","10":"shipping-taxable","11":"purchasable","12":"product-type-variable","13":"has-default-attributes"},"_links":{"self":[{"href":"https:\/\/optimservicii.ro\/en\/wp-json\/wp\/v2\/product\/44805","targetHints":{"allow":["GET"]}}],"collection":[{"href":"https:\/\/optimservicii.ro\/en\/wp-json\/wp\/v2\/product"}],"about":[{"href":"https:\/\/optimservicii.ro\/en\/wp-json\/wp\/v2\/types\/product"}],"version-history":[{"count":2,"href":"https:\/\/optimservicii.ro\/en\/wp-json\/wp\/v2\/product\/44805\/revisions"}],"predecessor-version":[{"id":45677,"href":"https:\/\/optimservicii.ro\/en\/wp-json\/wp\/v2\/product\/44805\/revisions\/45677"}],"wp:featuredmedia":[{"embeddable":true,"href":"https:\/\/optimservicii.ro\/en\/wp-json\/wp\/v2\/media\/17198"}],"wp:attachment":[{"href":"https:\/\/optimservicii.ro\/en\/wp-json\/wp\/v2\/media?parent=44805"}],"wp:term":[{"taxonomy":"product_cat","embeddable":true,"href":"https:\/\/optimservicii.ro\/en\/wp-json\/wp\/v2\/product_cat?post=44805"},{"taxonomy":"product_tag","embeddable":true,"href":"https:\/\/optimservicii.ro\/en\/wp-json\/wp\/v2\/product_tag?post=44805"}],"curies":[{"name":"wp","href":"https:\/\/api.w.org\/{rel}","templated":true}]}}