{"id":44916,"date":"2024-09-02T16:08:16","date_gmt":"2024-09-02T13:08:16","guid":{"rendered":"https:\/\/optim.xplication.ro\/?post_type=product&#038;p=44916"},"modified":"2024-09-25T13:08:38","modified_gmt":"2024-09-25T10:08:38","slug":"luciane-woman","status":"publish","type":"product","link":"https:\/\/optimservicii.ro\/en\/hanorace\/luciane-woman\/","title":{"rendered":"Hanorac Luciane Woman"},"content":{"rendered":"<p>Hanorac micropolar pentru sporturi \u00een aer liber, cu talie \u00eenalt\u0103 \u0219i m\u00e2neci largi cu coaste contrastante.<\/p>","protected":false},"excerpt":{"rendered":"<p>Hanorac micropolar pentru sporturi \u00een aer liber, cu talie \u00eenalt\u0103 \u0219i m\u00e2neci largi cu coaste contrastante.<\/p>","protected":false},"featured_media":17234,"template":"","meta":[],"product_cat":[587],"product_tag":[],"class_list":{"0":"post-44916","1":"product","2":"type-product","3":"status-publish","4":"has-post-thumbnail","6":"product_cat-hanorace","8":"first","9":"instock","10":"shipping-taxable","11":"purchasable","12":"product-type-variable","13":"has-default-attributes"},"_links":{"self":[{"href":"https:\/\/optimservicii.ro\/en\/wp-json\/wp\/v2\/product\/44916","targetHints":{"allow":["GET"]}}],"collection":[{"href":"https:\/\/optimservicii.ro\/en\/wp-json\/wp\/v2\/product"}],"about":[{"href":"https:\/\/optimservicii.ro\/en\/wp-json\/wp\/v2\/types\/product"}],"version-history":[{"count":2,"href":"https:\/\/optimservicii.ro\/en\/wp-json\/wp\/v2\/product\/44916\/revisions"}],"predecessor-version":[{"id":45691,"href":"https:\/\/optimservicii.ro\/en\/wp-json\/wp\/v2\/product\/44916\/revisions\/45691"}],"wp:featuredmedia":[{"embeddable":true,"href":"https:\/\/optimservicii.ro\/en\/wp-json\/wp\/v2\/media\/17234"}],"wp:attachment":[{"href":"https:\/\/optimservicii.ro\/en\/wp-json\/wp\/v2\/media?parent=44916"}],"wp:term":[{"taxonomy":"product_cat","embeddable":true,"href":"https:\/\/optimservicii.ro\/en\/wp-json\/wp\/v2\/product_cat?post=44916"},{"taxonomy":"product_tag","embeddable":true,"href":"https:\/\/optimservicii.ro\/en\/wp-json\/wp\/v2\/product_tag?post=44916"}],"curies":[{"name":"wp","href":"https:\/\/api.w.org\/{rel}","templated":true}]}}